{"id":9,"date":"2022-11-13T12:58:02","date_gmt":"2022-11-13T12:58:02","guid":{"rendered":"https:\/\/ple117.poznan.pl\/?page_id=9"},"modified":"2025-08-28T16:51:40","modified_gmt":"2025-08-28T16:51:40","slug":"o-przedszkolu","status":"publish","type":"page","link":"https:\/\/ple117.poznan.pl\/?page_id=9","title":{"rendered":"O Przedszkolu"},"content":{"rendered":"\n<p>Nasze przedszkole nr 117 jest plac\u00f3wk\u0105 o\u015bwiatowo- wychowawcz\u0105 prowadzon\u0105 przez Urz\u0105d Miasta Poznania. Znajdujemy si\u0119 na osiedlu Piastowskim 105 tu\u017c obok XIV Liceum Og\u00f3lnokszta\u0142c\u0105cego i Osiedlowego Domu Kultury &#8222;Na Skarpie&#8221;.&nbsp;<\/p>\n\n\n\n<p>Przedszkole po\u0142o\u017cone jest w \u0142adnej, nadwarcia\u0144skiej okolicy. Posiadamy pi\u0119kny, du\u017cy ogr\u00f3d&nbsp;z dala od zgie\u0142ku i ha\u0142asu miasta, w kt\u00f3rym dzieci sp\u0119dzaj\u0105 czas bawi\u0105c si\u0119 na \u015bwie\u017cym powietrzu. Wykorzystuj\u0105c po\u0142o\u017cenie przedszkola korzystamy cz\u0119sto ze spacer\u00f3w nad Wart\u0105. Nasze przedszkole czynne jest codziennie od godziny 6.00-17.00. W naszym przedszkolu istniej\u0105 4 grupy:<\/p>\n\n\n\n<p>3-latki &#8222;Motyle&#8221;<br>4-latki &#8222;\u015awierszcze&#8221;<br>5-latki &#8222;B\u0105ki&#8221; (grupa integracyjna)<br>6-latki &#8222;Biedronki&#8221;<\/p>\n\n\n\n<p>Dzieci mog\u0105 korzysta\u0107 z dodatkowych zaj\u0119\u0107 takich jak: rytmika, taniec, j\u0119zyk angielski, gimnastyka korekcyjna, religia, judo, pi\u0142ka no\u017cna, robotyka. W miar\u0119 potrzeb naszych wychowank\u00f3w organizowane s\u0105 r\u00f3wnie\u017c zaj\u0119cia logopedyczne i spotkania z psychologiem. Posiadamy du\u017ce i przestrzenne sale, rozleg\u0142y i ogrodzony ogr\u00f3d. W naszym przedszkolu pracuje wykwalifikowana i do\u015bwiadczona kadra pedagogiczna oraz zgrany zesp\u00f3\u0142 obs\u0142ugowo &#8211; administracyjny.<\/p>\n\n\n\n<figure class=\"wp-block-gallery has-nested-images columns-4 wp-block-gallery-1 is-layout-flex wp-block-gallery-is-layout-flex\">\n<figure class=\"wp-block-image size-large\"><a href=\"http:\/\/www.yellowhouseenglish.com\/\"><img decoding=\"async\" width=\"136\" height=\"100\" data-id=\"167\" src=\"https:\/\/ple117.poznan.pl\/wp-content\/uploads\/2022\/12\/YHE-partner-merytoryczny-logo-2017-najmniejszy_2.jpg\" alt=\"\" class=\"wp-image-167\"\/><\/a><\/figure>\n\n\n\n<figure class=\"wp-block-image size-large\"><a href=\"http:\/\/www.dwujezycznedzieci.pl\/\"><img decoding=\"async\" width=\"188\" height=\"250\" data-id=\"168\" src=\"https:\/\/ple117.poznan.pl\/wp-content\/uploads\/2022\/12\/bilingual-future-logo-placowka-partnerska-PL-najmniejszy-na-strone-www-minus-4_1.png\" alt=\"\" class=\"wp-image-168\"\/><\/a><\/figure>\n\n\n\n<figure class=\"wp-block-image size-large\"><a href=\"http:\/\/www.dalton.org.pl\/\"><img fetchpriority=\"high\" decoding=\"async\" width=\"1024\" height=\"407\" data-id=\"170\" src=\"https:\/\/ple117.poznan.pl\/wp-content\/uploads\/2022\/12\/dalton-logo_1-1024x407.png\" alt=\"\" class=\"wp-image-170\" srcset=\"https:\/\/ple117.poznan.pl\/wp-content\/uploads\/2022\/12\/dalton-logo_1-1024x407.png 1024w, https:\/\/ple117.poznan.pl\/wp-content\/uploads\/2022\/12\/dalton-logo_1-300x119.png 300w, https:\/\/ple117.poznan.pl\/wp-content\/uploads\/2022\/12\/dalton-logo_1-768x305.png 768w, https:\/\/ple117.poznan.pl\/wp-content\/uploads\/2022\/12\/dalton-logo_1-1536x610.png 1536w, https:\/\/ple117.poznan.pl\/wp-content\/uploads\/2022\/12\/dalton-logo_1.png 1561w\" sizes=\"(max-width: 1024px) 100vw, 1024px\" \/><\/a><\/figure>\n\n\n\n<figure class=\"wp-block-image size-large\"><a href=\"http:\/\/facebook.com\/rada.osiedla.rataje\"><img loading=\"lazy\" decoding=\"async\" width=\"490\" height=\"332\" data-id=\"169\" src=\"https:\/\/ple117.poznan.pl\/wp-content\/uploads\/2022\/12\/logo_Rada_Osiedla_Rataje_1.jpg\" alt=\"\" class=\"wp-image-169\" srcset=\"https:\/\/ple117.poznan.pl\/wp-content\/uploads\/2022\/12\/logo_Rada_Osiedla_Rataje_1.jpg 490w, https:\/\/ple117.poznan.pl\/wp-content\/uploads\/2022\/12\/logo_Rada_Osiedla_Rataje_1-300x203.jpg 300w\" sizes=\"(max-width: 490px) 100vw, 490px\" \/><\/a><\/figure>\n<figcaption class=\"blocks-gallery-caption wp-element-caption\"><br><\/figcaption><\/figure>\n\n\n\n<p><\/p>\n","protected":false},"excerpt":{"rendered":"<p>Nasze przedszkole nr 117 jest plac\u00f3wk\u0105 o\u015bwiatowo- wychowawcz\u0105 prowadzon\u0105 przez Urz\u0105d Miasta Poznania. Znajdujemy si\u0119 na osiedlu Piastowskim 105 tu\u017c obok XIV Liceum Og\u00f3lnokszta\u0142c\u0105cego i Osiedlowego Domu Kultury &#8222;Na Skarpie&#8221;.&nbsp; Przedszkole po\u0142o\u017cone jest w \u0142adnej, nadwarcia\u0144skiej okolicy. Posiadamy pi\u0119kny, du\u017cy ogr\u00f3d&nbsp;z dala od zgie\u0142ku i ha\u0142asu miasta, w kt\u00f3rym dzieci sp\u0119dzaj\u0105 czas bawi\u0105c si\u0119 na [&hellip;]<\/p>\n","protected":false},"author":1,"featured_media":0,"parent":0,"menu_order":0,"comment_status":"closed","ping_status":"closed","template":"","meta":{"footnotes":""},"_links":{"self":[{"href":"https:\/\/ple117.poznan.pl\/index.php?rest_route=\/wp\/v2\/pages\/9"}],"collection":[{"href":"https:\/\/ple117.poznan.pl\/index.php?rest_route=\/wp\/v2\/pages"}],"about":[{"href":"https:\/\/ple117.poznan.pl\/index.php?rest_route=\/wp\/v2\/types\/page"}],"author":[{"embeddable":true,"href":"https:\/\/ple117.poznan.pl\/index.php?rest_route=\/wp\/v2\/users\/1"}],"replies":[{"embeddable":true,"href":"https:\/\/ple117.poznan.pl\/index.php?rest_route=%2Fwp%2Fv2%2Fcomments&post=9"}],"version-history":[{"count":7,"href":"https:\/\/ple117.poznan.pl\/index.php?rest_route=\/wp\/v2\/pages\/9\/revisions"}],"predecessor-version":[{"id":4371,"href":"https:\/\/ple117.poznan.pl\/index.php?rest_route=\/wp\/v2\/pages\/9\/revisions\/4371"}],"wp:attachment":[{"href":"https:\/\/ple117.poznan.pl\/index.php?rest_route=%2Fwp%2Fv2%2Fmedia&parent=9"}],"curies":[{"name":"wp","href":"https:\/\/api.w.org\/{rel}","templated":true}]}}