{"id":544,"date":"2023-03-08T15:00:55","date_gmt":"2023-03-08T15:00:55","guid":{"rendered":"https:\/\/ple117.poznan.pl\/?page_id=544"},"modified":"2024-02-25T20:34:15","modified_gmt":"2024-02-25T20:34:15","slug":"baki-bumblebees","status":"publish","type":"page","link":"https:\/\/ple117.poznan.pl\/?page_id=544","title":{"rendered":"B\u0105ki &#8211; Bumblebees"},"content":{"rendered":"\n<h2 class=\"wp-block-heading\">Luty &#8211; Cosmos &amp; Dinosaurs<\/h2>\n\n\n\n<figure class=\"wp-block-embed is-type-wp-embed is-provider-super-simple wp-block-embed-super-simple\"><div class=\"wp-block-embed__wrapper\">\nhttps:\/\/supersimple.com\/song\/8-little-planets\/\n<\/div><\/figure>\n\n\n\n<pre class=\"wp-block-verse\">SONG LYRICS\r\nOne little planet circling the sun.\r\nTwo little planets circling the sun.\r\nThree little planets circling the sun.\r\nFour little planets circling the sun.\r\nFive little planets circling the sun.\r\nSix little planets circling the sun.\r\nSeven little planets circling the sun.\r\nEight little planets circling the sun.\r\n\r\n1. 2. 3. 4. 5. 6. 7. 8.\r\nNow you try!<\/pre>\n\n\n\n<figure class=\"wp-block-embed is-type-wp-embed is-provider-super-simple wp-block-embed-super-simple\"><div class=\"wp-block-embed__wrapper\">\n<blockquote class=\"wp-embedded-content\" data-secret=\"N97aN9MLjh\"><a href=\"https:\/\/supersimple.com\/song\/ten-little-dinosaurs\/\">10 Little Dinosaurs<\/a><\/blockquote><iframe class=\"wp-embedded-content\" sandbox=\"allow-scripts\" security=\"restricted\" style=\"position: absolute; clip: rect(1px, 1px, 1px, 1px);\" title=\"&#8220;10 Little Dinosaurs&#8221; &#8212; Super Simple\" src=\"https:\/\/supersimple.com\/song\/ten-little-dinosaurs\/embed\/#?secret=ON5OoDb022#?secret=N97aN9MLjh\" data-secret=\"N97aN9MLjh\" width=\"600\" height=\"338\" frameborder=\"0\" marginwidth=\"0\" marginheight=\"0\" scrolling=\"no\"><\/iframe>\n<\/div><\/figure>\n\n\n\n<pre class=\"wp-block-verse\">SONG LYRICS\r\nStegosaurus!\r\n1 little, 2 little, 3 little dinosaurs,\r\n4 little, 5 little, 6 little dinosaurs,\r\n7 little, 8 little, 9 little dinosaurs,\r\n10 little dinosaur babies.\r\n\r\nTriceratops! ... Pterodactyl! ... Brontosaurus! ... Tyrannosaurus Rex!<\/pre>\n\n\n\n<h2 class=\"wp-block-heading\">Stycze\u0144 &#8211; Calendar &amp; Time<\/h2>\n\n\n\n<figure class=\"wp-block-embed is-type-wp-embed is-provider-super-simple wp-block-embed-super-simple\"><div class=\"wp-block-embed__wrapper\">\n<blockquote class=\"wp-embedded-content\" data-secret=\"JE96I1LCqw\"><a href=\"https:\/\/supersimple.com\/song\/days-of-the-week-finny-the-shark\/\">Days Of The Week (Finny the Shark)<\/a><\/blockquote><iframe class=\"wp-embedded-content\" sandbox=\"allow-scripts\" security=\"restricted\" style=\"position: absolute; clip: rect(1px, 1px, 1px, 1px);\" title=\"&#8220;Days Of The Week (Finny the Shark)&#8221; &#8212; Super Simple\" src=\"https:\/\/supersimple.com\/song\/days-of-the-week-finny-the-shark\/embed\/#?secret=c4bacQ2hD5#?secret=JE96I1LCqw\" data-secret=\"JE96I1LCqw\" width=\"600\" height=\"338\" frameborder=\"0\" marginwidth=\"0\" marginheight=\"0\" scrolling=\"no\"><\/iframe>\n<\/div><\/figure>\n\n\n\n<pre class=\"wp-block-verse\">Sunday, Monday,\nTuesday, Wednesday,\nThursday, Friday, Saturday.\n<\/pre>\n\n\n\n<figure class=\"wp-block-embed is-type-wp-embed is-provider-super-simple wp-block-embed-super-simple\"><div class=\"wp-block-embed__wrapper\">\n<blockquote class=\"wp-embedded-content\" data-secret=\"P9t3sgvQsx\"><a href=\"https:\/\/supersimple.com\/song\/months-chant-featuring-the-super-simple-puppets\/\">The Months Chant | featuring The Super Simple Puppets<\/a><\/blockquote><iframe class=\"wp-embedded-content\" sandbox=\"allow-scripts\" security=\"restricted\" style=\"position: absolute; clip: rect(1px, 1px, 1px, 1px);\" title=\"&#8220;The Months Chant | featuring The Super Simple Puppets&#8221; &#8212; Super Simple\" src=\"https:\/\/supersimple.com\/song\/months-chant-featuring-the-super-simple-puppets\/embed\/#?secret=fQatXT2FFI#?secret=P9t3sgvQsx\" data-secret=\"P9t3sgvQsx\" width=\"600\" height=\"338\" frameborder=\"0\" marginwidth=\"0\" marginheight=\"0\" scrolling=\"no\"><\/iframe>\n<\/div><\/figure>\n\n\n\n<pre class=\"wp-block-verse\">SONG LYRICS\nJanuary (January!)\nFebruary (February!)\nMarch (March!)\nApril (April!)\nMay (May!)\nJune (June!)\nJuly (July!)\nAugust (August!)\nSeptember (September!)\nOctober (October!)\nNovember (November!)\nDecember (December!)\n\nNow you try!<\/pre>\n\n\n\n<figure class=\"wp-block-embed is-type-wp-embed is-provider-super-simple wp-block-embed-super-simple\"><div class=\"wp-block-embed__wrapper\">\n<blockquote class=\"wp-embedded-content\" data-secret=\"LOEFqruUnr\"><a href=\"https:\/\/supersimple.com\/caities-classroom\/hickory-dickory-dock\/\">Hickory Dickory Dock<\/a><\/blockquote><iframe class=\"wp-embedded-content\" sandbox=\"allow-scripts\" security=\"restricted\" style=\"position: absolute; clip: rect(1px, 1px, 1px, 1px);\" title=\"&#8220;Hickory Dickory Dock&#8221; &#8212; Super Simple\" src=\"https:\/\/supersimple.com\/caities-classroom\/hickory-dickory-dock\/embed\/#?secret=uJWI7Ls8cD#?secret=LOEFqruUnr\" data-secret=\"LOEFqruUnr\" width=\"600\" height=\"338\" frameborder=\"0\" marginwidth=\"0\" marginheight=\"0\" scrolling=\"no\"><\/iframe>\n<\/div><\/figure>\n\n\n\n<pre class=\"wp-block-verse\">Song Lyric\nHickory dickory dock.\nThe mouse went up the clock.\nThe clock struck one.\nThe mouse went down.\nHickory dickory dock.\nTick tock. Tick tock. Tick tock. Tick tock.\n\nA snake, a squirrel, a cat, a monkey, an elephant.\n\nVideo z zaj\u0119\u0107 zamieszczone jest w zak\u0142adce Biedronki<\/pre>\n\n\n\n<div data-wp-interactive=\"core\/file\" class=\"wp-block-file\"><object data-wp-bind--hidden=\"!state.hasPdfPreview\"  class=\"wp-block-file__embed\" data=\"https:\/\/ple117.poznan.pl\/wp-content\/uploads\/2024\/01\/hickory-dickory-crash-worksheet-cut-and-paste-1.pdf\" type=\"application\/pdf\" style=\"width:100%;height:600px\" aria-label=\"Osadzone z hickory-dickory-crash-worksheet-cut-and-paste-1.\"><\/object><a id=\"wp-block-file--media-4719ba92-a2a6-4c3b-9b09-0f4a9d19269d\" href=\"https:\/\/ple117.poznan.pl\/wp-content\/uploads\/2024\/01\/hickory-dickory-crash-worksheet-cut-and-paste-1.pdf\">hickory-dickory-crash-worksheet-cut-and-paste-1<\/a><a href=\"https:\/\/ple117.poznan.pl\/wp-content\/uploads\/2024\/01\/hickory-dickory-crash-worksheet-cut-and-paste-1.pdf\" class=\"wp-block-file__button wp-element-button\" download aria-describedby=\"wp-block-file--media-4719ba92-a2a6-4c3b-9b09-0f4a9d19269d\">Pobierz<\/a><\/div>\n\n\n\n<h2 class=\"wp-block-heading\">Grudzie\u0144 &#8211; Christmas Time<\/h2>\n\n\n\n<figure class=\"wp-block-embed is-type-wp-embed is-provider-super-simple wp-block-embed-super-simple\"><div class=\"wp-block-embed__wrapper\">\n<blockquote class=\"wp-embedded-content\" data-secret=\"MrddGJRwPN\"><a href=\"https:\/\/supersimple.com\/song\/decorate-the-christmas-tree-featuring-noodle-pals\/\">Decorate The Christmas Tree | featuring Noodle &#038; Pals<\/a><\/blockquote><iframe class=\"wp-embedded-content\" sandbox=\"allow-scripts\" security=\"restricted\" style=\"position: absolute; clip: rect(1px, 1px, 1px, 1px);\" title=\"&#8220;Decorate The Christmas Tree | featuring Noodle &#038; Pals&#8221; &#8212; Super Simple\" src=\"https:\/\/supersimple.com\/song\/decorate-the-christmas-tree-featuring-noodle-pals\/embed\/#?secret=ModMMIEfGf#?secret=MrddGJRwPN\" data-secret=\"MrddGJRwPN\" width=\"600\" height=\"338\" frameborder=\"0\" marginwidth=\"0\" marginheight=\"0\" scrolling=\"no\"><\/iframe>\n<\/div><\/figure>\n\n\n\n<pre class=\"wp-block-verse\">SONG LYRICS\nDecorate the Christmas tree.\nFa la la la la, la la la la.\n\nCandy canes for you and me.\nFa la la la la, la la la la.\n\nHang the stockings, 1 2 3.\nFa la la, la la la, la la la.\n\nWrap the presents happily.\nFa la la la la, la la la la.\n\nOn a sleigh ride, go go go.\nFa la la la la, la la la la.\n\nMake a snowball, throw throw throw.\nFa la la la la, la la la la.\n\nDrink a cup of hot cocoa.\nFa la la, la la la, la la la.<\/pre>\n\n\n\n<div data-wp-interactive=\"core\/file\" class=\"wp-block-file\"><object data-wp-bind--hidden=\"!state.hasPdfPreview\"  class=\"wp-block-file__embed\" data=\"https:\/\/ple117.poznan.pl\/wp-content\/uploads\/2024\/01\/decorate-the-christmas-tree-worksheet-vocabulary-coloring.pdf\" type=\"application\/pdf\" style=\"width:100%;height:600px\" aria-label=\"Osadzone z decorate-the-christmas-tree-worksheet-vocabulary-coloring.\"><\/object><a id=\"wp-block-file--media-44be7ffe-3b90-4eaa-af9f-63698353182a\" href=\"https:\/\/ple117.poznan.pl\/wp-content\/uploads\/2024\/01\/decorate-the-christmas-tree-worksheet-vocabulary-coloring.pdf\">decorate-the-christmas-tree-worksheet-vocabulary-coloring<\/a><a href=\"https:\/\/ple117.poznan.pl\/wp-content\/uploads\/2024\/01\/decorate-the-christmas-tree-worksheet-vocabulary-coloring.pdf\" class=\"wp-block-file__button wp-element-button\" download aria-describedby=\"wp-block-file--media-44be7ffe-3b90-4eaa-af9f-63698353182a\">Pobierz<\/a><\/div>\n\n\n\n<figure class=\"wp-block-embed is-type-wp-embed is-provider-super-simple wp-block-embed-super-simple\"><div class=\"wp-block-embed__wrapper\">\n<blockquote class=\"wp-embedded-content\" data-secret=\"iZdgwDxSge\"><a href=\"https:\/\/supersimple.com\/song\/jingle-bells-learn-sing\/\">Jingle Bells (Learn &#038; Sing)<\/a><\/blockquote><iframe class=\"wp-embedded-content\" sandbox=\"allow-scripts\" security=\"restricted\" style=\"position: absolute; clip: rect(1px, 1px, 1px, 1px);\" title=\"&#8220;Jingle Bells (Learn &#038; Sing)&#8221; &#8212; Super Simple\" src=\"https:\/\/supersimple.com\/song\/jingle-bells-learn-sing\/embed\/#?secret=VzIlGAMC8u#?secret=iZdgwDxSge\" data-secret=\"iZdgwDxSge\" width=\"600\" height=\"338\" frameborder=\"0\" marginwidth=\"0\" marginheight=\"0\" scrolling=\"no\"><\/iframe>\n<\/div><\/figure>\n\n\n\n<pre class=\"wp-block-verse\">SONG LYRICS\nDashing through the snow,\nin a one-horse open sleigh.\nO\u2019er the fields we go,\nlaughing all the way.\nBells on bobtails ring,\nmaking spirits bright.\nWhat fun it is to ride and sing\na sleighing song tonight.\n\nOh! Jingle bells, jingle bells,\njingle all the way.\nOh what fun it is to ride\nin a one-horse open sleigh<\/pre>\n\n\n\n<div data-wp-interactive=\"core\/file\" class=\"wp-block-file\"><object data-wp-bind--hidden=\"!state.hasPdfPreview\"  class=\"wp-block-file__embed\" data=\"https:\/\/ple117.poznan.pl\/wp-content\/uploads\/2024\/01\/jingle-bells-worksheet-count-and-circle.pdf\" type=\"application\/pdf\" style=\"width:100%;height:600px\" aria-label=\"Osadzone z jingle-bells-worksheet-count-and-circle.\"><\/object><a id=\"wp-block-file--media-b092c4bd-20bc-4ebe-8348-fef187ade713\" href=\"https:\/\/ple117.poznan.pl\/wp-content\/uploads\/2024\/01\/jingle-bells-worksheet-count-and-circle.pdf\">jingle-bells-worksheet-count-and-circle<\/a><a href=\"https:\/\/ple117.poznan.pl\/wp-content\/uploads\/2024\/01\/jingle-bells-worksheet-count-and-circle.pdf\" class=\"wp-block-file__button wp-element-button\" download aria-describedby=\"wp-block-file--media-b092c4bd-20bc-4ebe-8348-fef187ade713\">Pobierz<\/a><\/div>\n\n\n\n<h2 class=\"wp-block-heading\">Listopad<\/h2>\n\n\n\n<figure class=\"wp-block-embed is-type-wp-embed is-provider-super-simple wp-block-embed-super-simple\"><div class=\"wp-block-embed__wrapper\">\n<blockquote class=\"wp-embedded-content\" data-secret=\"X7eijJL500\"><a href=\"https:\/\/supersimple.com\/song\/im-thankful\/\">I&#8217;m Thankful<\/a><\/blockquote><iframe class=\"wp-embedded-content\" sandbox=\"allow-scripts\" security=\"restricted\" style=\"position: absolute; clip: rect(1px, 1px, 1px, 1px);\" title=\"&#8220;I&#8217;m Thankful&#8221; &#8212; Super Simple\" src=\"https:\/\/supersimple.com\/song\/im-thankful\/embed\/#?secret=I62yOB1N3w#?secret=X7eijJL500\" data-secret=\"X7eijJL500\" width=\"600\" height=\"338\" frameborder=\"0\" marginwidth=\"0\" marginheight=\"0\" scrolling=\"no\"><\/iframe>\n<\/div><\/figure>\n\n\n\n<pre class=\"wp-block-verse\">SONG LYRICS\nI\u2019m thankful for the flowers.\nI\u2019m thankful for the trees.\nI\u2019m thankful for the birds.\nI\u2019m thankful for the bees.\nI\u2019m thankful for my teachers.\nI\u2019m thankful for my family.\nI\u2019m thankful for my friends.\nI\u2019m thankful that you play with me.\n\nI\u2019m thankful for the hugs you give.\nI\u2019m thankful for the things you do.\nI\u2019m thankful for the love you share.\nI\u2019m thankful that you are you.\n\nThank you, thank you, thank you, thank you.\nThank you, thank you, thank you.<\/pre>\n\n\n\n<div data-wp-interactive=\"core\/file\" class=\"wp-block-file\"><object data-wp-bind--hidden=\"!state.hasPdfPreview\"  class=\"wp-block-file__embed\" data=\"https:\/\/ple117.poznan.pl\/wp-content\/uploads\/2024\/01\/caities-classroom-thanksgiving-bingo_v2-2.pdf\" type=\"application\/pdf\" style=\"width:100%;height:600px\" aria-label=\"Osadzone z caities-classroom-thanksgiving-bingo_v2-2.\"><\/object><a id=\"wp-block-file--media-642017a2-5a75-4021-a442-3e29a7b19a38\" href=\"https:\/\/ple117.poznan.pl\/wp-content\/uploads\/2024\/01\/caities-classroom-thanksgiving-bingo_v2-2.pdf\">caities-classroom-thanksgiving-bingo_v2-2<\/a><a href=\"https:\/\/ple117.poznan.pl\/wp-content\/uploads\/2024\/01\/caities-classroom-thanksgiving-bingo_v2-2.pdf\" class=\"wp-block-file__button wp-element-button\" download aria-describedby=\"wp-block-file--media-642017a2-5a75-4021-a442-3e29a7b19a38\">Pobierz<\/a><\/div>\n\n\n\n<h2 class=\"wp-block-heading\">Pa\u017adziernik<\/h2>\n\n\n\n<p><\/p>\n\n\n\n\n\n<div data-wp-interactive=\"core\/file\" class=\"wp-block-file\"><object data-wp-bind--hidden=\"!state.hasPdfPreview\"  class=\"wp-block-file__embed\" data=\"https:\/\/ple117.poznan.pl\/wp-content\/uploads\/2024\/01\/this-is-the-way-we-carve-a-pumpkin-worksheet-make-a-jack-o-lantern.pdf\" type=\"application\/pdf\" style=\"width:100%;height:600px\" aria-label=\"Osadzone z this-is-the-way-we-carve-a-pumpkin-worksheet-make-a-jack-o-lantern.\"><\/object><a id=\"wp-block-file--media-7f09a1d0-e75d-45e5-bd0e-b2b399cff477\" href=\"https:\/\/ple117.poznan.pl\/wp-content\/uploads\/2024\/01\/this-is-the-way-we-carve-a-pumpkin-worksheet-make-a-jack-o-lantern.pdf\">this-is-the-way-we-carve-a-pumpkin-worksheet-make-a-jack-o-lantern<\/a><a href=\"https:\/\/ple117.poznan.pl\/wp-content\/uploads\/2024\/01\/this-is-the-way-we-carve-a-pumpkin-worksheet-make-a-jack-o-lantern.pdf\" class=\"wp-block-file__button wp-element-button\" download aria-describedby=\"wp-block-file--media-7f09a1d0-e75d-45e5-bd0e-b2b399cff477\">Pobierz<\/a><\/div>\n\n\n\n<p><\/p>\n\n\n\n<h2 class=\"wp-block-heading\">Wrzesie\u0144<\/h2>\n\n\n\n<div data-wp-interactive=\"core\/file\" class=\"wp-block-file\"><object data-wp-bind--hidden=\"!state.hasPdfPreview\"  class=\"wp-block-file__embed\" data=\"https:\/\/ple117.poznan.pl\/wp-content\/uploads\/2023\/04\/j-angielski-marzec-1.pdf\" type=\"application\/pdf\" style=\"width:100%;height:600px\" aria-label=\"Osadzone z j-angielski-marzec-1.\"><\/object><a id=\"wp-block-file--media-c8964d89-6e67-4dfa-9b50-05d069082320\" href=\"https:\/\/ple117.poznan.pl\/wp-content\/uploads\/2023\/04\/j-angielski-marzec-1.pdf\">j-angielski-marzec-1<\/a><a href=\"https:\/\/ple117.poznan.pl\/wp-content\/uploads\/2023\/04\/j-angielski-marzec-1.pdf\" class=\"wp-block-file__button wp-element-button\" download aria-describedby=\"wp-block-file--media-c8964d89-6e67-4dfa-9b50-05d069082320\">Pobierz<\/a><\/div>\n\n\n\n<div class=\"wp-block-file\"><a id=\"wp-block-file--media-6c200eaf-59e7-486a-ba0f-533a7fa26f6c\" href=\"https:\/\/ple117.poznan.pl\/wp-content\/uploads\/2023\/03\/What_s-the-weather-today-Baki-Biedronki-i-Pszczoly.pdf\">What_s-the-weather-today-Baki-Biedronki-i-Pszczoly<\/a><a href=\"https:\/\/ple117.poznan.pl\/wp-content\/uploads\/2023\/03\/What_s-the-weather-today-Baki-Biedronki-i-Pszczoly.pdf\" class=\"wp-block-file__button wp-element-button\" download aria-describedby=\"wp-block-file--media-6c200eaf-59e7-486a-ba0f-533a7fa26f6c\">Pobierz<\/a><\/div>\n","protected":false},"excerpt":{"rendered":"<p>Luty &#8211; Cosmos &amp; Dinosaurs SONG LYRICS One little planet circling the sun. Two little planets circling the sun. Three little planets circling the sun. Four little planets circling the sun. Five little planets circling the sun. Six little planets circling the sun. Seven little planets circling the sun. Eight little planets circling the sun. [&hellip;]<\/p>\n","protected":false},"author":2,"featured_media":0,"parent":0,"menu_order":0,"comment_status":"closed","ping_status":"closed","template":"","meta":{"footnotes":""},"_links":{"self":[{"href":"https:\/\/ple117.poznan.pl\/index.php?rest_route=\/wp\/v2\/pages\/544"}],"collection":[{"href":"https:\/\/ple117.poznan.pl\/index.php?rest_route=\/wp\/v2\/pages"}],"about":[{"href":"https:\/\/ple117.poznan.pl\/index.php?rest_route=\/wp\/v2\/types\/page"}],"author":[{"embeddable":true,"href":"https:\/\/ple117.poznan.pl\/index.php?rest_route=\/wp\/v2\/users\/2"}],"replies":[{"embeddable":true,"href":"https:\/\/ple117.poznan.pl\/index.php?rest_route=%2Fwp%2Fv2%2Fcomments&post=544"}],"version-history":[{"count":11,"href":"https:\/\/ple117.poznan.pl\/index.php?rest_route=\/wp\/v2\/pages\/544\/revisions"}],"predecessor-version":[{"id":4387,"href":"https:\/\/ple117.poznan.pl\/index.php?rest_route=\/wp\/v2\/pages\/544\/revisions\/4387"}],"wp:attachment":[{"href":"https:\/\/ple117.poznan.pl\/index.php?rest_route=%2Fwp%2Fv2%2Fmedia&parent=544"}],"curies":[{"name":"wp","href":"https:\/\/api.w.org\/{rel}","templated":true}]}}