{"id":26,"date":"2022-11-13T12:59:21","date_gmt":"2022-11-13T12:59:21","guid":{"rendered":"https:\/\/ple117.poznan.pl\/?page_id=26"},"modified":"2025-09-16T10:08:46","modified_gmt":"2025-09-16T10:08:46","slug":"rodo","status":"publish","type":"page","link":"https:\/\/ple117.poznan.pl\/?page_id=26","title":{"rendered":"RODO"},"content":{"rendered":"\n<p>Inspektor Ochrony Danych Osobowych:&nbsp; <\/p>\n\n\n\n<p>p. Katarzyna P\u0119dzich-Nowak, <\/p>\n\n\n\n<p>e-mail: iod_mjo@um.poznan.pl<\/p>\n\n\n\n<p>Zast\u0119pca: Anna Kwieci\u0144ska,&nbsp;<\/p>\n\n\n\n<p>e-mail: iod_mjo@um.poznan.pl<\/p>\n\n\n\n<div class=\"wp-block-file\"><a id=\"wp-block-file--media-f66cb0a6-2dab-46ab-bac9-8e0b49c1225c\" href=\"https:\/\/ple117.poznan.pl\/wp-content\/uploads\/2023\/02\/klauzula-_informacyjna_kontrahenci_1.pdf\">klauzula-_informacyjna_kontrahenci_1<\/a><a href=\"https:\/\/ple117.poznan.pl\/wp-content\/uploads\/2023\/02\/klauzula-_informacyjna_kontrahenci_1.pdf\" class=\"wp-block-file__button wp-element-button\" download aria-describedby=\"wp-block-file--media-f66cb0a6-2dab-46ab-bac9-8e0b49c1225c\">Pobierz<\/a><\/div>\n\n\n\n<div class=\"wp-block-file\"><a id=\"wp-block-file--media-1ec58dc5-d93d-419b-9474-8fa7c215bea9\" href=\"https:\/\/ple117.poznan.pl\/wp-content\/uploads\/2023\/02\/klauzula_informacyjna_wizerunek_strony-www_2.pdf\">klauzula_informacyjna_wizerunek_strony-www_2<\/a><a href=\"https:\/\/ple117.poznan.pl\/wp-content\/uploads\/2023\/02\/klauzula_informacyjna_wizerunek_strony-www_2.pdf\" class=\"wp-block-file__button wp-element-button\" download aria-describedby=\"wp-block-file--media-1ec58dc5-d93d-419b-9474-8fa7c215bea9\">Pobierz<\/a><\/div>\n\n\n\n<div class=\"wp-block-file\"><a id=\"wp-block-file--media-fe26a72d-417b-4dcd-ba58-63a617dc4c2c\" href=\"https:\/\/ple117.poznan.pl\/wp-content\/uploads\/2023\/02\/klauzula_informacyjna_ogolna_1.pdf\">klauzula_informacyjna_ogolna_1<\/a><a href=\"https:\/\/ple117.poznan.pl\/wp-content\/uploads\/2023\/02\/klauzula_informacyjna_ogolna_1.pdf\" class=\"wp-block-file__button wp-element-button\" download aria-describedby=\"wp-block-file--media-fe26a72d-417b-4dcd-ba58-63a617dc4c2c\">Pobierz<\/a><\/div>\n","protected":false},"excerpt":{"rendered":"<p>Inspektor Ochrony Danych Osobowych:&nbsp; p. Katarzyna P\u0119dzich-Nowak, e-mail: iod_mjo@um.poznan.pl Zast\u0119pca: Anna Kwieci\u0144ska,&nbsp; e-mail: iod_mjo@um.poznan.pl<\/p>\n","protected":false},"author":1,"featured_media":0,"parent":0,"menu_order":0,"comment_status":"closed","ping_status":"closed","template":"","meta":{"footnotes":""},"_links":{"self":[{"href":"https:\/\/ple117.poznan.pl\/index.php?rest_route=\/wp\/v2\/pages\/26"}],"collection":[{"href":"https:\/\/ple117.poznan.pl\/index.php?rest_route=\/wp\/v2\/pages"}],"about":[{"href":"https:\/\/ple117.poznan.pl\/index.php?rest_route=\/wp\/v2\/types\/page"}],"author":[{"embeddable":true,"href":"https:\/\/ple117.poznan.pl\/index.php?rest_route=\/wp\/v2\/users\/1"}],"replies":[{"embeddable":true,"href":"https:\/\/ple117.poznan.pl\/index.php?rest_route=%2Fwp%2Fv2%2Fcomments&post=26"}],"version-history":[{"count":8,"href":"https:\/\/ple117.poznan.pl\/index.php?rest_route=\/wp\/v2\/pages\/26\/revisions"}],"predecessor-version":[{"id":4402,"href":"https:\/\/ple117.poznan.pl\/index.php?rest_route=\/wp\/v2\/pages\/26\/revisions\/4402"}],"wp:attachment":[{"href":"https:\/\/ple117.poznan.pl\/index.php?rest_route=%2Fwp%2Fv2%2Fmedia&parent=26"}],"curies":[{"name":"wp","href":"https:\/\/api.w.org\/{rel}","templated":true}]}}