{"id":22,"date":"2022-11-13T12:59:05","date_gmt":"2022-11-13T12:59:05","guid":{"rendered":"https:\/\/ple117.poznan.pl\/?page_id=22"},"modified":"2026-03-19T18:48:03","modified_gmt":"2026-03-19T18:48:03","slug":"dostepnosc","status":"publish","type":"page","link":"https:\/\/ple117.poznan.pl\/?page_id=22","title":{"rendered":"Dost\u0119pno\u015b\u0107"},"content":{"rendered":"\n<h1>Deklaracja dost\u0119pno\u015bci<\/h1><section id=\"a11y-wstep\">\n<p><span id=\"a11y-podmiot\">Przedszkole nr 117 im. Czecha<\/span>  zobowi\u0105zuje si\u0119 zapewni\u0107 dost\u0119pno\u015b\u0107 swojej <span id=\"a11y-zakres\">strony internetowej<\/span> zgodnie z ustaw\u0105 z dnia 4 kwietnia 2019 r. o dost\u0119pno\u015bci cyfrowej stron internetowych i aplikacji mobilnych podmiot\u00f3w publicznych.<\/p>\n<p>Deklaracja dost\u0119pno\u015bci dotyczy strony  <a href=\"https:\/\/ple117.poznan.pl\" id=\"a11y-url\" target=\"_blank\" rel=\"noopener\">https:\/\/ple117.poznan.pl<\/a>.<\/p>\n<\/section><section>\n<ul>\n<li>Data publikacji strony internetowej: <time id=\"a11y-data-publikacja\" datetime=\"2023-02-28\">28 lutego 2023 r.<\/time><\/li>\n<li>Data ostatniej istotnej aktualizacji: <time id=\"a11y-data-aktualizacja\" datetime=\"2020-06-23\">28 lutego 2023 r.<\/time><\/li>\n<\/ul>\n<\/section><section>\n<h2>Stan dost\u0119pno\u015bci cyfrowej<\/h2>\n<p id=\"a11y-status\">Ta strona internetowa jest w pe\u0142ni zgodna z za\u0142\u0105cznikiem do ustawy o dost\u0119pno\u015bci cyfrowej z dnia 4 kwietnia 2019 r. o dost\u0119pno\u015bci cyfrowej stron internetowych i aplikacji mobilnych podmiot\u00f3w publicznych.<\/p>\n<\/section><section>\n<h2>Przygotowanie deklaracji dost\u0119pno\u015bci<\/h2>\n<ul>\n<li>Data sporz\u0105dzenia deklaracji: <time id=\"a11y-data-sporzadzenie\" datetime=\"2025-03-26\">26 marca 2025 r.<\/time><\/li>\n<li>Data ostatniego przegl\u0105du deklaracji: <time id=\"a11y-data-przeglad\" datetime=\"2026-03-19\">19 marca 2026 r.<\/time><\/li>\n<\/ul>\n<p>Deklaracj\u0119 sporz\u0105dzili\u015bmy na podstawie samooceny w oparciu o <a href=\"https:\/\/www.gov.pl\/attachment\/1a3e2bb5-6d60-4897-ac2f-07a8e91e70ed\">List\u0119 kontroln\u0105 do badania dost\u0119pno\u015bci cyfrowej strony internetowej v. 2.2 (docx, 0,12MB)<\/a>.<\/p>\n<\/section><section>\n<h2>Informacje zwrotne i dane kontaktowe<\/h2>\n<p>Wszystkie problemy z dost\u0119pno\u015bci\u0105 cyfrow\u0105 tej strony internetowej mo\u017cesz zg\u0142osi\u0107 do <span id=\"a11y-kontakt\">El\u017cbiety Szlandrowicz<\/span> &#8211; mejlowo <a id=\"a11y-email\" href=\"mailto:p117@poznan.interklasa.pl\">p117@poznan.interklasa.pl<\/a> lub telefonicznie <a id=\"a11y-telefon\" href=\"tel:618774699\">618774699<\/a>.<\/p>\n<p>Ka\u017cdy ma prawo wyst\u0105pi\u0107 z \u017c\u0105daniem zapewnienia dost\u0119pno\u015bci cyfrowej tej strony internetowej lub jej element\u00f3w.<\/p>\n<p>Zg\u0142aszaj\u0105c takie \u017c\u0105danie podaj:<\/p>\n<ul>\n<li>swoje imi\u0119 i nazwisko,<\/li>\n<li>swoje dane kontaktowe (np. numer telefonu, e-mail),<\/li>\n<li>dok\u0142adny adres strony internetowej, na kt\u00f3rej jest niedost\u0119pny cyfrowo element lub tre\u015b\u0107,<\/li>\n<li>opis na czym polega problem i jaki spos\u00f3b jego rozwi\u0105zania by\u0142by dla Ciebie najwygodniejszy.<\/li>\n<\/ul>\n<p>Na Twoje zg\u0142oszenie odpowiemy najszybciej jak to mo\u017cliwe, nie p\u00f3\u017aniej ni\u017c w ci\u0105gu 7 dni od jego otrzymania.<\/p>\n<p>Je\u017celi ten termin b\u0119dzie dla nas zbyt kr\u00f3tki poinformujemy Ci\u0119 o tym. W tej informacji podamy nowy termin, do kt\u00f3rego poprawimy zg\u0142oszone przez Ciebie b\u0142\u0119dy lub przygotujemy informacje w alternatywny spos\u00f3b. Ten nowy termin nie b\u0119dzie d\u0142u\u017cszy ni\u017c 2 miesi\u0105ce.<\/p>\n<p>Je\u017celi nie b\u0119dziemy w stanie zapewni\u0107 dost\u0119pno\u015bci cyfrowej strony internetowej lub tre\u015bci, wskazanej w Twoim \u017c\u0105daniu, zaproponujemy Ci dost\u0119p do nich w alternatywny spos\u00f3b.<\/p>\n<\/section><section id=\"a11y-procedura\">\n<h2>Obs\u0142uga wniosk\u00f3w i skarg zwi\u0105zanych z dost\u0119pno\u015bci\u0105<\/h2>\n<p>Je\u017celi w odpowiedzi na Tw\u00f3j wniosek o zapewnienie dost\u0119pno\u015bci cyfrowej, odm\u00f3wimy zapewnienia \u017c\u0105danej przez Ciebie dost\u0119pno\u015bci cyfrowej, a Ty nie zgadzasz si\u0119 z t\u0105 odmow\u0105, masz prawo z\u0142o\u017cy\u0107 skarg\u0119.<\/p>\n<p>Skarg\u0119 masz prawo z\u0142o\u017cy\u0107 tak\u017ce, je\u015bli nie zgadzasz si\u0119 na skorzystanie z alternatywnego sposobu dost\u0119pu, kt\u00f3ry zaproponowali\u015bmy Ci w odpowiedzi na Tw\u00f3j wniosek o zapewnienie dost\u0119pno\u015bci cyfrowej.<\/p>\n<p>Ewentualn\u0105 skarg\u0119 z\u0142\u00f3\u017c listownie lub mailem do kierownictwa naszego przedszkola:<\/p>\n<ul>\n<li><span id=\"a11y-procedura-kierownik\">El\u017cbieta Szlandrowicz &#8211; Dyrektor Przedszkola nr 117 im. Czecha<\/span>,<\/li>\n<li>Adres: <span id=\"a11y-procedura-adres\">Os. Piastowskie 105, 61-164 Pozna\u0144<\/span>,<\/li>\n<li>mejl: <a id=\"a11y-procedura-email\" href=\"mailto:p117@poznan.interklasa.pl\">p117@poznan.interklasa.pl<\/a>.<\/li>\n<\/ul>\n<p><a href=\"https:\/\/www.gov.pl\/web\/gov\/zloz-wniosek-o-zapewnienie-dostepnosci-cyfrowej-strony-internetowej-lub-aplikacji-mobilnej\">Pomocne mog\u0105 by\u0107 informacje, kt\u00f3re mo\u017cna znale\u017a\u0107 na rz\u0105dowym portalu gov.pl<\/a>.<\/p>\n<p>Mo\u017cesz tak\u017ce poinformowa\u0107 o tej sytuacji <a href=\"https:\/\/bip.brpo.gov.pl\/\">Rzecznika Praw Obywatelskich<\/a> i poprosi\u0107 o interwencj\u0119 w Twojej sprawie.<\/p>\n<\/section><section>\n<h2>Pozosta\u0142e informacje<\/h2>\n<section id=\"a11y-architektura\">\n<h3>Dost\u0119pno\u015b\u0107 architektoniczna<\/h3>\n<section>\n<h4>Przedszkole nr 117 im. Czecha<\/h4>\n<address>\n<div>Os. Piastowskie 105<\/div>\n<div>61-164 Pozna\u0144<\/div>\n<\/address>\n<p>Przed wej\u015bciem do budynku nie znajduj\u0105 si\u0119 schody. Budynek nie jest pi\u0119trowy. Przed szko\u0142\u0105 nie znajduj\u0105 si\u0119 miejsca parkingowe dla os\u00f3b niepe\u0142nosprawnych. Do budynku mo\u017cna wej\u015b\u0107 z psem przewodnikiem po wcze\u015bniejszym ustaleniu tego faktu z dyrekcj\u0105. Na miejscu nie mo\u017cliwo\u015bci skorzystania z t\u0142umacza j\u0119zyka migowego. W budynku nie zastosowano \u017cadnych dodatkowych udogodnie\u0144 dla os\u00f3b niewidomych i nies\u0142ysz\u0105cych.<\/p>\n<\/section>\n<\/section>\n<section id=\"a11y-komunikacja\">\n<h3>Dost\u0119pno\u015b\u0107 komunikacyjno-informacyjna<\/h3>\n<ul>\n<li>Jak wnioskowa\u0107 o t\u0142umacza polskiego j\u0119zyka migowego: brak<\/li>\n<li>Informacja o naszej dzia\u0142alno\u015bci w tek\u015bcie \u0142atwym do czytania (ETR): brak<\/li>\n<li>Informacja o naszej dzia\u0142alno\u015bci w j\u0119zyku migowym (PJM): brak<\/li>\n<li>Aktualny raport z zapewnienia dost\u0119pno\u015bci: https:\/\/ple117.poznan.pl\/?page_id=22<\/li>\n<\/ul>\n<\/section>\n<\/section>\n","protected":false},"excerpt":{"rendered":"<p>Deklaracja dost\u0119pno\u015bci Przedszkole nr 117 im. Czecha zobowi\u0105zuje si\u0119 zapewni\u0107 dost\u0119pno\u015b\u0107 swojej strony internetowej zgodnie z ustaw\u0105 z dnia 4 kwietnia 2019 r. o dost\u0119pno\u015bci cyfrowej stron internetowych i aplikacji mobilnych podmiot\u00f3w publicznych. Deklaracja dost\u0119pno\u015bci dotyczy strony https:\/\/ple117.poznan.pl. Data publikacji strony internetowej: 28 lutego 2023 r. Data ostatniej istotnej aktualizacji: 28 lutego 2023 r. Stan [&hellip;]<\/p>\n","protected":false},"author":1,"featured_media":0,"parent":0,"menu_order":0,"comment_status":"closed","ping_status":"closed","template":"","meta":{"footnotes":""},"_links":{"self":[{"href":"https:\/\/ple117.poznan.pl\/index.php?rest_route=\/wp\/v2\/pages\/22"}],"collection":[{"href":"https:\/\/ple117.poznan.pl\/index.php?rest_route=\/wp\/v2\/pages"}],"about":[{"href":"https:\/\/ple117.poznan.pl\/index.php?rest_route=\/wp\/v2\/types\/page"}],"author":[{"embeddable":true,"href":"https:\/\/ple117.poznan.pl\/index.php?rest_route=\/wp\/v2\/users\/1"}],"replies":[{"embeddable":true,"href":"https:\/\/ple117.poznan.pl\/index.php?rest_route=%2Fwp%2Fv2%2Fcomments&post=22"}],"version-history":[{"count":6,"href":"https:\/\/ple117.poznan.pl\/index.php?rest_route=\/wp\/v2\/pages\/22\/revisions"}],"predecessor-version":[{"id":5064,"href":"https:\/\/ple117.poznan.pl\/index.php?rest_route=\/wp\/v2\/pages\/22\/revisions\/5064"}],"wp:attachment":[{"href":"https:\/\/ple117.poznan.pl\/index.php?rest_route=%2Fwp%2Fv2%2Fmedia&parent=22"}],"curies":[{"name":"wp","href":"https:\/\/api.w.org\/{rel}","templated":true}]}}