{"id":20,"date":"2022-11-13T12:58:56","date_gmt":"2022-11-13T12:58:56","guid":{"rendered":"https:\/\/ple117.poznan.pl\/?page_id=20"},"modified":"2026-03-06T13:33:30","modified_gmt":"2026-03-06T13:33:30","slug":"ppp","status":"publish","type":"page","link":"https:\/\/ple117.poznan.pl\/?page_id=20","title":{"rendered":"PPP &#8211; POMOC PSYCHOLOGICZNO-PEDAGOGICZNA"},"content":{"rendered":"\n<p><\/p>\n\n\n\n<p>POMOC PSYCHOLOGICZNO-PEDAGOGICZNA UDZIELANA JEST DZIECIOM I RODZICOM PRZEZ NAUCZYCIELI SPECJALIST\u00d3W WG NAST\u0118PUJ\u0104CEGO HARMONOGRAMU<\/p>\n\n\n\n<p>LOGOPEDIA <br>mgr Agnieszka Czajkowska-Dobersztyn <br>pi\u0105tek \u2013 godz. 08:00 \u2013 12:00<\/p>\n\n\n\n<p>mgr Anna Robakowska<br>\u015broda \u2013 godz. 07:00 \u2013 15:30<\/p>\n\n\n\n<p>PSYCHOLOG \u2013 mgr Pawe\u0142 Olbert<br>poniedzia\u0142ek \u2013 godz. 07:00 \u2013 16:00 <br>\u015broda \u2013 godz. 08:45 \u2013 10:15<\/p>\n\n\n\n<p>PEDAGOG SPECJALNY \u2013 mgr Magdalena Radniecka<br>wtorek \u2013 godz. 08:00 \u2013 14:00<br>\u015broda &#8211; godz. 08:00-11:00<\/p>\n\n\n\n<p>INTEGRACJA SENSORYCZNA \u2013 mgr Paulina Bandosz<br>wtorek \u2013 godz. 11:30 \u2013 14:30<\/p>\n\n\n\n<p>POMOC PSYCHOLOGICZNO-PEDAGOGICZNA <br>mgr Anna Maciejak<br>poniedzia\u0142ek \u2013 godz. 11:00 \u2013 13:00<br>czwartek \u2013 godz. 09:00 \u2013 11:00<\/p>\n\n\n\n<p>mgr Magdalena Radziecka<br>pi\u0105tek &#8211; godz. 08:00 &#8211; 12:00<br><\/p>\n\n\n\n<h2 class=\"wp-block-heading\">Tutaj znajdziecie Pa\u0144stwo ciekawe artyku\u0142y i publikacje dla rodzic\u00f3w<\/h2>\n\n\n\n<p>Drodzy Rodzice, zach\u0119camy do zapoznania si\u0119 z ofert\u0105 Poradni Psychologiczno-Pedaogicznej Nr 8,&nbsp;<\/p>\n\n\n\n<p>przy os. Rusa 56 w Poznaniu.<\/p>\n\n\n\n<p><\/p>\n\n\n\n<p>Drodzy Rodzice, wirtualny \u015bwiat tak dalece zaw\u0142adn\u0105\u0142 nasz\u0105 codzienno\u015bci\u0105, \u017ce przestali\u015bmy wyobra\u017ca\u0107 sobie \u017cycie bez wysy\u0142ania sms\u00f3w, robienia zakup\u00f3w przez Internet, gotowania z przepisu na ekranie smartfona czy sprawdzania najszybszej trasy dotarcia do celu. Cyfrowa przestrze\u0144 coraz bardziej wci\u0105ga r\u00f3wnie\u017c nasze dzieci, kt\u00f3re zafascynowane \u015bwiatem medi\u00f3w spo\u0142eczno\u015bciowych, gier i film\u00f3w, a tak\u017ce postawione przed konieczno\u015bci\u0105 nauki zdalnej, sp\u0119dzaj\u0105 przed ekranami coraz wi\u0119cej czasu.&nbsp;<\/p>\n\n\n\n<p>Zach\u0119camy do zapoznania si\u0119 z za\u0142\u0105czon\u0105 publikacj\u0105 przygotowanej przez\u00a0Fundacj\u0119 Edukacji Zdrowotnej i Psychoterapii<\/p>\n\n\n\n<p><\/p>\n\n\n\n<div class=\"wp-block-file\"><a id=\"wp-block-file--media-ee4c02b5-369a-4e12-9f62-631799f11a13\" href=\"https:\/\/ple117.poznan.pl\/wp-content\/uploads\/2022\/12\/Dzieci-w-wirtualnej-sieci_wydanie-III_3_internet.pdf\">Dzieci w wirtualnej sieci<\/a><a href=\"https:\/\/ple117.poznan.pl\/wp-content\/uploads\/2022\/12\/Dzieci-w-wirtualnej-sieci_wydanie-III_3_internet.pdf\" class=\"wp-block-file__button wp-element-button\" download aria-describedby=\"wp-block-file--media-ee4c02b5-369a-4e12-9f62-631799f11a13\">Pobierz<\/a><\/div>\n\n\n\n<div class=\"wp-block-file\"><a id=\"wp-block-file--media-05b2f594-1796-4280-9854-118e9ecc0c6b\" href=\"https:\/\/ple117.poznan.pl\/wp-content\/uploads\/2022\/12\/ADAPTACJA-DZIECKA-W-PRZEDSZKOLU.pdf\">1. Adaptacja dziecka w przedszkolu<\/a><a href=\"https:\/\/ple117.poznan.pl\/wp-content\/uploads\/2022\/12\/ADAPTACJA-DZIECKA-W-PRZEDSZKOLU.pdf\" class=\"wp-block-file__button wp-element-button\" download aria-describedby=\"wp-block-file--media-05b2f594-1796-4280-9854-118e9ecc0c6b\">Pobierz<\/a><\/div>\n\n\n\n<div class=\"wp-block-file\"><a id=\"wp-block-file--media-7d95637e-2210-440e-85dc-63f499a62b16\" href=\"https:\/\/ple117.poznan.pl\/wp-content\/uploads\/2022\/12\/Scan0187.pdf\">2. Twoje dziecko moczy si\u0119 w nocy? Zacznij dzia\u0142a\u0107 ju\u017c dzi\u015b!<\/a><a href=\"https:\/\/ple117.poznan.pl\/wp-content\/uploads\/2022\/12\/Scan0187.pdf\" class=\"wp-block-file__button wp-element-button\" download aria-describedby=\"wp-block-file--media-7d95637e-2210-440e-85dc-63f499a62b16\">Pobierz<\/a><\/div>\n\n\n\n<div class=\"wp-block-file\"><a id=\"wp-block-file--media-53fe14c2-f175-45bb-a70d-becb2de757f0\" href=\"https:\/\/ple117.poznan.pl\/wp-content\/uploads\/2022\/12\/Usprawnianie-ruchowe-SI22978.pdf\">3. Usprawnianie ruchowe<\/a><a href=\"https:\/\/ple117.poznan.pl\/wp-content\/uploads\/2022\/12\/Usprawnianie-ruchowe-SI22978.pdf\" class=\"wp-block-file__button wp-element-button\" download aria-describedby=\"wp-block-file--media-53fe14c2-f175-45bb-a70d-becb2de757f0\">Pobierz<\/a><\/div>\n\n\n\n<div class=\"wp-block-file\"><a id=\"wp-block-file--media-15f76a64-51da-4ce0-bb1c-136481f2ceb4\" href=\"https:\/\/ple117.poznan.pl\/wp-content\/uploads\/2022\/12\/RELACJA-NAUCZYCIEL-RODZIC.pdf\">4. Relacja Nauczyciel &#8211; Rodzic<\/a><a href=\"https:\/\/ple117.poznan.pl\/wp-content\/uploads\/2022\/12\/RELACJA-NAUCZYCIEL-RODZIC.pdf\" class=\"wp-block-file__button wp-element-button\" download aria-describedby=\"wp-block-file--media-15f76a64-51da-4ce0-bb1c-136481f2ceb4\">Pobierz<\/a><\/div>\n\n\n\n<div class=\"wp-block-file\"><a id=\"wp-block-file--media-a5297d96-77ad-4fbc-84ef-775263b472ab\" href=\"https:\/\/ple117.poznan.pl\/wp-content\/uploads\/2022\/12\/Artykul_Zdrowe_zywienie.pdf\">5. Racjonalne \u017cywienia dziecka w domu i przedszkolu<\/a><a href=\"https:\/\/ple117.poznan.pl\/wp-content\/uploads\/2022\/12\/Artykul_Zdrowe_zywienie.pdf\" class=\"wp-block-file__button wp-element-button\" download aria-describedby=\"wp-block-file--media-a5297d96-77ad-4fbc-84ef-775263b472ab\">Pobierz<\/a><\/div>\n\n\n\n<div class=\"wp-block-file\"><a id=\"wp-block-file--media-1cf3ffe9-c14d-41a5-a93e-021b7811eafc\" href=\"https:\/\/ple117.poznan.pl\/wp-content\/uploads\/2022\/12\/TEATR-W-PRZEDSZKOLU.pdf\">6. Teatr w przedszkolu<\/a><a href=\"https:\/\/ple117.poznan.pl\/wp-content\/uploads\/2022\/12\/TEATR-W-PRZEDSZKOLU.pdf\" class=\"wp-block-file__button wp-element-button\" download aria-describedby=\"wp-block-file--media-1cf3ffe9-c14d-41a5-a93e-021b7811eafc\">Pobierz<\/a><\/div>\n\n\n\n<div class=\"wp-block-file\"><a id=\"wp-block-file--media-5f891cbf-c0e8-4302-83fb-42e4bd0eca46\" href=\"https:\/\/ple117.poznan.pl\/wp-content\/uploads\/2022\/12\/Scan0084.pdf\">7. Przebieg prawid\u0142owego rozwoju mowy u dziecka<\/a><a href=\"https:\/\/ple117.poznan.pl\/wp-content\/uploads\/2022\/12\/Scan0084.pdf\" class=\"wp-block-file__button wp-element-button\" download aria-describedby=\"wp-block-file--media-5f891cbf-c0e8-4302-83fb-42e4bd0eca46\">Pobierz<\/a><\/div>\n\n\n\n<div class=\"wp-block-file\"><a id=\"wp-block-file--media-6849fc7a-faf1-4076-9b81-4bbfad243be8\" href=\"https:\/\/ple117.poznan.pl\/wp-content\/uploads\/2022\/12\/Scan0086.pdf\">8. Mutyzm wybi\u00f3rczy<\/a><a href=\"https:\/\/ple117.poznan.pl\/wp-content\/uploads\/2022\/12\/Scan0086.pdf\" class=\"wp-block-file__button wp-element-button\" download aria-describedby=\"wp-block-file--media-6849fc7a-faf1-4076-9b81-4bbfad243be8\">Pobierz<\/a><\/div>\n\n\n\n<div class=\"wp-block-file\"><a id=\"wp-block-file--media-8c839168-5f6b-4498-a8fc-85489079a19c\" href=\"https:\/\/ple117.poznan.pl\/wp-content\/uploads\/2022\/12\/Bajka-terapeutyczna-3.pdf\">9. Bajka terapeutyczna<\/a><a href=\"https:\/\/ple117.poznan.pl\/wp-content\/uploads\/2022\/12\/Bajka-terapeutyczna-3.pdf\" class=\"wp-block-file__button wp-element-button\" download aria-describedby=\"wp-block-file--media-8c839168-5f6b-4498-a8fc-85489079a19c\">Pobierz<\/a><\/div>\n\n\n\n<div data-wp-interactive=\"core\/file\" class=\"wp-block-file\"><object data-wp-bind--hidden=\"!state.hasPdfPreview\"  class=\"wp-block-file__embed\" data=\"https:\/\/ple117.poznan.pl\/wp-content\/uploads\/2023\/11\/Telefony-alarmowe.pdf\" type=\"application\/pdf\" style=\"width:100%;height:600px\" aria-label=\"Osadzone z Telefony-alarmowe.\"><\/object><a id=\"wp-block-file--media-d2e7aa44-9844-4fe0-a4a6-4901bbd827f6\" href=\"https:\/\/ple117.poznan.pl\/wp-content\/uploads\/2023\/11\/Telefony-alarmowe.pdf\">Telefony-alarmowe<\/a><a href=\"https:\/\/ple117.poznan.pl\/wp-content\/uploads\/2023\/11\/Telefony-alarmowe.pdf\" class=\"wp-block-file__button wp-element-button\" download aria-describedby=\"wp-block-file--media-d2e7aa44-9844-4fe0-a4a6-4901bbd827f6\">Pobierz<\/a><\/div>\n","protected":false},"excerpt":{"rendered":"<p>POMOC PSYCHOLOGICZNO-PEDAGOGICZNA UDZIELANA JEST DZIECIOM I RODZICOM PRZEZ NAUCZYCIELI SPECJALIST\u00d3W WG NAST\u0118PUJ\u0104CEGO HARMONOGRAMU LOGOPEDIA mgr Agnieszka Czajkowska-Dobersztyn pi\u0105tek \u2013 godz. 08:00 \u2013 12:00 mgr Anna Robakowska\u015broda \u2013 godz. 07:00 \u2013 15:30 PSYCHOLOG \u2013 mgr Pawe\u0142 Olbertponiedzia\u0142ek \u2013 godz. 07:00 \u2013 16:00 \u015broda \u2013 godz. 08:45 \u2013 10:15 PEDAGOG SPECJALNY \u2013 mgr Magdalena Radnieckawtorek \u2013 godz. [&hellip;]<\/p>\n","protected":false},"author":1,"featured_media":0,"parent":0,"menu_order":0,"comment_status":"closed","ping_status":"closed","template":"","meta":{"footnotes":""},"_links":{"self":[{"href":"https:\/\/ple117.poznan.pl\/index.php?rest_route=\/wp\/v2\/pages\/20"}],"collection":[{"href":"https:\/\/ple117.poznan.pl\/index.php?rest_route=\/wp\/v2\/pages"}],"about":[{"href":"https:\/\/ple117.poznan.pl\/index.php?rest_route=\/wp\/v2\/types\/page"}],"author":[{"embeddable":true,"href":"https:\/\/ple117.poznan.pl\/index.php?rest_route=\/wp\/v2\/users\/1"}],"replies":[{"embeddable":true,"href":"https:\/\/ple117.poznan.pl\/index.php?rest_route=%2Fwp%2Fv2%2Fcomments&post=20"}],"version-history":[{"count":21,"href":"https:\/\/ple117.poznan.pl\/index.php?rest_route=\/wp\/v2\/pages\/20\/revisions"}],"predecessor-version":[{"id":4990,"href":"https:\/\/ple117.poznan.pl\/index.php?rest_route=\/wp\/v2\/pages\/20\/revisions\/4990"}],"wp:attachment":[{"href":"https:\/\/ple117.poznan.pl\/index.php?rest_route=%2Fwp%2Fv2%2Fmedia&parent=20"}],"curies":[{"name":"wp","href":"https:\/\/api.w.org\/{rel}","templated":true}]}}