{"id":14,"date":"2022-11-13T12:58:24","date_gmt":"2022-11-13T12:58:24","guid":{"rendered":"https:\/\/ple117.poznan.pl\/?page_id=14"},"modified":"2026-03-18T15:37:01","modified_gmt":"2026-03-18T15:37:01","slug":"rekrutacja","status":"publish","type":"page","link":"https:\/\/ple117.poznan.pl\/?page_id=14","title":{"rendered":"Rekrutacja"},"content":{"rendered":"<div class=\"wp-block-image\">\n<figure class=\"aligncenter size-large\"><img fetchpriority=\"high\" decoding=\"async\" width=\"683\" height=\"1024\" src=\"https:\/\/ple117.poznan.pl\/wp-content\/uploads\/2026\/03\/2-9.03.2026r.-Zlozenie-deklaracji-o-kontynuacji-edukacji-przedszkolnej-na-nowy-rok-szkolny-w-danym-przedszkolu-683x1024.jpg\" alt=\"\" class=\"wp-image-5004\" srcset=\"https:\/\/ple117.poznan.pl\/wp-content\/uploads\/2026\/03\/2-9.03.2026r.-Zlozenie-deklaracji-o-kontynuacji-edukacji-przedszkolnej-na-nowy-rok-szkolny-w-danym-przedszkolu-683x1024.jpg 683w, https:\/\/ple117.poznan.pl\/wp-content\/uploads\/2026\/03\/2-9.03.2026r.-Zlozenie-deklaracji-o-kontynuacji-edukacji-przedszkolnej-na-nowy-rok-szkolny-w-danym-przedszkolu-200x300.jpg 200w, https:\/\/ple117.poznan.pl\/wp-content\/uploads\/2026\/03\/2-9.03.2026r.-Zlozenie-deklaracji-o-kontynuacji-edukacji-przedszkolnej-na-nowy-rok-szkolny-w-danym-przedszkolu-768x1152.jpg 768w, https:\/\/ple117.poznan.pl\/wp-content\/uploads\/2026\/03\/2-9.03.2026r.-Zlozenie-deklaracji-o-kontynuacji-edukacji-przedszkolnej-na-nowy-rok-szkolny-w-danym-przedszkolu.jpg 1024w\" sizes=\"(max-width: 683px) 100vw, 683px\" \/><\/figure><\/div>\n\n\n<p class=\"has-text-align-center has-large-font-size\"><strong>TERMINARZ REKRUTACJI DO PRZEDSZKOLI&nbsp;<\/strong>&nbsp;<\/p>\n\n\n\n<p class=\"has-text-align-center has-large-font-size\"><strong>NA ROK SZKOLNY 2026\/2027<\/strong><\/p>\n\n\n\n<h4 class=\"wp-block-heading has-vivid-red-color has-text-color has-link-color wp-elements-29662f8b7536103ee709d3f7c6292079\"><\/h4>\n\n\n\n<p><strong>Zarz\u0105dzeniem nr&nbsp; 36\/2026\/P Prezydenta Miasta Poznania z&nbsp;dnia 15 stycznia 2026 r. zosta\u0142y ustalone nast\u0119puj\u0105ce&nbsp;terminy przeprowadzenia post\u0119powania rekrutacyjnego i&nbsp;post\u0119powania uzupe\u0142niaj\u0105cego, w&nbsp;tym termin\u00f3w sk\u0142adania dokument\u00f3w, na rok szkolny 2026\/2027, do publicznych przedszkoli, oddzia\u0142\u00f3w przedszkolnych w&nbsp;publicznych szko\u0142ach podstawowych:&nbsp;<\/strong><br><\/p>\n\n\n\n<p>Szanowni Pa\u0144stwo,<br>Informujemy, \u017ce w najbli\u017cszym czasie rozpocznie si\u0119 <strong>rekrutacja do przedszkoli prowadzonych przez Miasto Pozna\u0144 na rok szkolny 2026\/2027<\/strong>.<\/p>\n\n\n\n<p>Proces naboru prowadzony jest zgodnie z harmonogramem oraz zasadami okre\u015blonymi przez <strong>Urz\u0105d Miasta Poznania<\/strong>.<\/p>\n\n\n\n<h3 class=\"wp-block-heading\"><strong>Gdzie znale\u017a\u0107 oficjalne informacje o rekrutacji?<\/strong><\/h3>\n\n\n\n<p>Szczeg\u00f3\u0142owe informacje dotycz\u0105ce rekrutacji, w tym:<\/p>\n\n\n\n<ul>\n<li>terminy naboru,<\/li>\n\n\n\n<li>zasady sk\u0142adania wniosk\u00f3w,<\/li>\n\n\n\n<li>kryteria rekrutacyjne,<\/li>\n\n\n\n<li>wymagane dokumenty,<\/li>\n\n\n\n<li>instrukcje dla rodzic\u00f3w,<\/li>\n<\/ul>\n\n\n\n<p>znajduj\u0105 si\u0119 na stronie internetowej <strong>Urz\u0119du Miasta Poznania<\/strong> (system rekrutacyjny oraz zak\u0142adka po\u015bwi\u0119cona rekrutacji do przedszkoli).<br><a href=\"https:\/\/nabor.pcss.pl\/poznan\/przedszkole\/dokumenty\">https:\/\/nabor.pcss.pl\/poznan\/przedszkole\/dokumenty<\/a><\/p>\n\n\n\n<p>\u27a1\ufe0f Zach\u0119camy do regularnego \u015bledzenia informacji publikowanych przez Miasto Pozna\u0144.<\/p>\n\n\n\n<h3 class=\"wp-block-heading\"><strong>Dokumenty i pliki dost\u0119pne na stronie naszego przedszkola<\/strong><\/h3>\n\n\n\n<p>Na stronie internetowej naszego przedszkola, w zak\u0142adce <strong>Rekrutacja<\/strong>, zamieszczane b\u0119d\u0105 na bie\u017c\u0105co wszystkie najwa\u017cniejsze pliki i materia\u0142y zwi\u0105zane z naborem, w szczeg\u00f3lno\u015bci:<\/p>\n\n\n\n<ul>\n<li>harmonogram rekrutacji,<\/li>\n\n\n\n<li>regulaminy i procedury,<\/li>\n\n\n\n<li>wymagane za\u0142\u0105czniki i o\u015bwiadczenia,<\/li>\n\n\n\n<li>informacje organizacyjne dla rodzic\u00f3w,<\/li>\n\n\n\n<li>komunikaty dotycz\u0105ce kolejnych etap\u00f3w post\u0119powania rekrutacyjnego.<\/li>\n<\/ul>\n\n\n\n<p>\ud83d\udccc Prosimy o systematyczne sprawdzanie tej zak\u0142adki \u2013 materia\u0142y b\u0119d\u0105 aktualizowane zgodnie z komunikatami Miasta Poznania.<\/p>\n\n\n\n<h3 class=\"wp-block-heading\"><strong>Wa\u017cne informacje<\/strong><\/h3>\n\n\n\n<p>Rekrutacja odbywa\u0107 si\u0119 b\u0119dzie w formie elektronicznej poprzez miejski system naboru. W okre\u015blonych terminach rodzice zobowi\u0105zani b\u0119d\u0105 do:<\/p>\n\n\n\n<ul>\n<li>wype\u0142nienia wniosku,<\/li>\n\n\n\n<li>wskazania wybranych plac\u00f3wek,<\/li>\n\n\n\n<li>dostarczenia wymaganych dokument\u00f3w (zgodnie z zasadami podanymi przez Urz\u0105d Miasta).<\/li>\n<\/ul>\n\n\n\n<h3 class=\"wp-block-heading\"><strong>Kontakt<\/strong><\/h3>\n\n\n\n<p>W razie pyta\u0144 zapraszamy do kontaktu z przedszkolem \u2013 ch\u0119tnie pomo\u017cemy w zakresie informacji organizacyjnych oraz wska\u017cemy, gdzie znajduj\u0105 si\u0119 potrzebne dokumenty.<\/p>\n\n\n\n<div class=\"wp-block-file\"><a id=\"wp-block-file--media-056bb208-cd55-4af0-ac7b-58d608012c10\" href=\"https:\/\/ple117.poznan.pl\/wp-content\/uploads\/2026\/02\/Terminy-rekrutacji-do-przedszkoli-i-oddzialow-przedszkolnych-na-rok-szkolny-2026-2027.pdf\">Terminy-rekrutacji-do-przedszkoli-i-oddzialow-przedszkolnych-na-rok-szkolny-2026-2027<\/a><a href=\"https:\/\/ple117.poznan.pl\/wp-content\/uploads\/2026\/02\/Terminy-rekrutacji-do-przedszkoli-i-oddzialow-przedszkolnych-na-rok-szkolny-2026-2027.pdf\" class=\"wp-block-file__button wp-element-button\" download aria-describedby=\"wp-block-file--media-056bb208-cd55-4af0-ac7b-58d608012c10\">Pobierz<\/a><\/div>\n\n\n\n<div class=\"wp-block-file\"><a id=\"wp-block-file--media-29d6f9ab-9d9d-4dd9-bbbe-fee274c3e401\" href=\"https:\/\/ple117.poznan.pl\/wp-content\/uploads\/2026\/02\/ZARZADZENIE-NR-36_2026_P-w-sprawie-ustalenia-terminow.pdf\">ZARZADZENIE-NR-36_2026_P-w-sprawie-ustalenia-terminow<\/a><a href=\"https:\/\/ple117.poznan.pl\/wp-content\/uploads\/2026\/02\/ZARZADZENIE-NR-36_2026_P-w-sprawie-ustalenia-terminow.pdf\" class=\"wp-block-file__button wp-element-button\" download aria-describedby=\"wp-block-file--media-29d6f9ab-9d9d-4dd9-bbbe-fee274c3e401\">Pobierz<\/a><\/div>\n\n\n\n<div class=\"wp-block-file\"><a id=\"wp-block-file--media-a673df87-c0b8-4d58-b76d-f2a1a2142c6c\" href=\"https:\/\/ple117.poznan.pl\/wp-content\/uploads\/2026\/02\/UMP_XXX_537_IX_2026_T.pdf\">UMP_XXX_537_IX_2026_T<\/a><a href=\"https:\/\/ple117.poznan.pl\/wp-content\/uploads\/2026\/02\/UMP_XXX_537_IX_2026_T.pdf\" class=\"wp-block-file__button wp-element-button\" download aria-describedby=\"wp-block-file--media-a673df87-c0b8-4d58-b76d-f2a1a2142c6c\">Pobierz<\/a><\/div>\n\n\n\n<h3 class=\"wp-block-heading\">Przedszkole dysponuje 5 miejscami organizacyjnymi dla dzieci z orzeczeniem <br>o potrzebie kszta\u0142cenia specjalnego, wydanym ze wzgl\u0119du na:<\/h3>\n\n\n\n<ul>\n<li>niepe\u0142nosprawno\u015b\u0107 ruchow\u0105, w tym afazj\u0105;<\/li>\n\n\n\n<li>niepe\u0142nosprawno\u015b\u0107 intelektualn\u0105 w stopniu lekkim<\/li>\n\n\n\n<li>autyzm w tym z zespo\u0142em Aspergera.<\/li>\n<\/ul>\n\n\n\n<p><\/p>\n\n\n\n<p class=\"has-text-align-center has-luminous-vivid-amber-color has-vivid-red-background-color has-text-color has-background has-medium-font-size\"><strong>Dokumenty rekrutacyjne do pobrania<\/strong><\/p>\n\n\n\n<div class=\"wp-block-file\"><a id=\"wp-block-file--media-9fd40c2d-79e8-475c-b832-ed644f5c2d5c\" href=\"https:\/\/ple117.poznan.pl\/wp-content\/uploads\/2026\/03\/Wniosekoprzyjeciedzieckazorzeczeniemopotrzebieksztalceniaspecjalnego2026.pdf\">Wniosekoprzyjeciedzieckazorzeczeniemopotrzebieksztalceniaspecjalnego2026<\/a><a href=\"https:\/\/ple117.poznan.pl\/wp-content\/uploads\/2026\/03\/Wniosekoprzyjeciedzieckazorzeczeniemopotrzebieksztalceniaspecjalnego2026.pdf\" class=\"wp-block-file__button wp-element-button\" download aria-describedby=\"wp-block-file--media-9fd40c2d-79e8-475c-b832-ed644f5c2d5c\">Pobierz<\/a><\/div>\n\n\n\n<div class=\"wp-block-file\"><a id=\"wp-block-file--media-97987d56-0e6c-4260-b0ef-1b0e9b914c43\" href=\"https:\/\/ple117.poznan.pl\/wp-content\/uploads\/2026\/03\/Informator-dla-rodzicow-oddzialy-integracyjne-i-specjalne-2026.pdf\">Informator-dla-rodzicow-oddzialy-integracyjne-i-specjalne-2026<\/a><a href=\"https:\/\/ple117.poznan.pl\/wp-content\/uploads\/2026\/03\/Informator-dla-rodzicow-oddzialy-integracyjne-i-specjalne-2026.pdf\" class=\"wp-block-file__button wp-element-button\" download aria-describedby=\"wp-block-file--media-97987d56-0e6c-4260-b0ef-1b0e9b914c43\">Pobierz<\/a><\/div>\n\n\n\n<div data-wp-interactive=\"core\/file\" class=\"wp-block-file\"><object data-wp-bind--hidden=\"!state.hasPdfPreview\"  class=\"wp-block-file__embed\" data=\"https:\/\/ple117.poznan.pl\/wp-content\/uploads\/2026\/03\/Wniosekoprzyjeciedziecka-2026-1.pdf\" type=\"application\/pdf\" style=\"width:100%;height:600px\" aria-label=\"Osadzone z Wniosekoprzyjeciedziecka-2026-1.\"><\/object><a id=\"wp-block-file--media-5df9d030-ee8c-419f-bcf4-d2cadfbd562f\" href=\"https:\/\/ple117.poznan.pl\/wp-content\/uploads\/2026\/03\/Wniosekoprzyjeciedziecka-2026-1.pdf\">Wniosekoprzyjeciedziecka-2026-1<\/a><a href=\"https:\/\/ple117.poznan.pl\/wp-content\/uploads\/2026\/03\/Wniosekoprzyjeciedziecka-2026-1.pdf\" class=\"wp-block-file__button wp-element-button\" download aria-describedby=\"wp-block-file--media-5df9d030-ee8c-419f-bcf4-d2cadfbd562f\">Pobierz<\/a><\/div>\n\n\n\n<div data-wp-interactive=\"core\/file\" class=\"wp-block-file\"><object data-wp-bind--hidden=\"!state.hasPdfPreview\"  class=\"wp-block-file__embed\" data=\"https:\/\/ple117.poznan.pl\/wp-content\/uploads\/2026\/03\/potwierdzenie-woli-zapisu-dziecka-zakwalifikowanego-do-przedszkola_2026-1.pdf\" type=\"application\/pdf\" style=\"width:100%;height:600px\" aria-label=\"Osadzone z potwierdzenie-woli-zapisu-dziecka-zakwalifikowanego-do-przedszkola_2026-1.\"><\/object><a id=\"wp-block-file--media-5c3e2696-3e31-4cc8-a285-1d532abe3361\" href=\"https:\/\/ple117.poznan.pl\/wp-content\/uploads\/2026\/03\/potwierdzenie-woli-zapisu-dziecka-zakwalifikowanego-do-przedszkola_2026-1.pdf\">potwierdzenie-woli-zapisu-dziecka-zakwalifikowanego-do-przedszkola_2026-1<\/a><a href=\"https:\/\/ple117.poznan.pl\/wp-content\/uploads\/2026\/03\/potwierdzenie-woli-zapisu-dziecka-zakwalifikowanego-do-przedszkola_2026-1.pdf\" class=\"wp-block-file__button wp-element-button\" download aria-describedby=\"wp-block-file--media-5c3e2696-3e31-4cc8-a285-1d532abe3361\">Pobierz<\/a><\/div>\n\n\n\n<div data-wp-interactive=\"core\/file\" class=\"wp-block-file\"><object data-wp-bind--hidden=\"!state.hasPdfPreview\"  class=\"wp-block-file__embed\" data=\"https:\/\/ple117.poznan.pl\/wp-content\/uploads\/2026\/03\/oswiadczenie-nr-1-wielodzietnosc-MEN_2026-1.pdf\" type=\"application\/pdf\" style=\"width:100%;height:600px\" aria-label=\"Osadzone z oswiadczenie-nr-1-wielodzietnosc-MEN_2026-1.\"><\/object><a id=\"wp-block-file--media-0185c601-e3f9-43cc-9517-ef0e9a234cab\" href=\"https:\/\/ple117.poznan.pl\/wp-content\/uploads\/2026\/03\/oswiadczenie-nr-1-wielodzietnosc-MEN_2026-1.pdf\">oswiadczenie-nr-1-wielodzietnosc-MEN_2026-1<\/a><a href=\"https:\/\/ple117.poznan.pl\/wp-content\/uploads\/2026\/03\/oswiadczenie-nr-1-wielodzietnosc-MEN_2026-1.pdf\" class=\"wp-block-file__button wp-element-button\" download aria-describedby=\"wp-block-file--media-0185c601-e3f9-43cc-9517-ef0e9a234cab\">Pobierz<\/a><\/div>\n\n\n\n<div data-wp-interactive=\"core\/file\" class=\"wp-block-file\"><object data-wp-bind--hidden=\"!state.hasPdfPreview\"  class=\"wp-block-file__embed\" data=\"https:\/\/ple117.poznan.pl\/wp-content\/uploads\/2026\/03\/oswiadczenie-nr-2-samotny_wychowanie-MEN_2026-1.pdf\" type=\"application\/pdf\" style=\"width:100%;height:600px\" aria-label=\"Osadzone z oswiadczenie-nr-2-samotny_wychowanie-MEN_2026-1.\"><\/object><a id=\"wp-block-file--media-79b8a320-2678-40a3-8c30-92824a0ad745\" href=\"https:\/\/ple117.poznan.pl\/wp-content\/uploads\/2026\/03\/oswiadczenie-nr-2-samotny_wychowanie-MEN_2026-1.pdf\">oswiadczenie-nr-2-samotny_wychowanie-MEN_2026-1<\/a><a href=\"https:\/\/ple117.poznan.pl\/wp-content\/uploads\/2026\/03\/oswiadczenie-nr-2-samotny_wychowanie-MEN_2026-1.pdf\" class=\"wp-block-file__button wp-element-button\" download aria-describedby=\"wp-block-file--media-79b8a320-2678-40a3-8c30-92824a0ad745\">Pobierz<\/a><\/div>\n\n\n\n<div data-wp-interactive=\"core\/file\" class=\"wp-block-file\"><object data-wp-bind--hidden=\"!state.hasPdfPreview\"  class=\"wp-block-file__embed\" data=\"https:\/\/ple117.poznan.pl\/wp-content\/uploads\/2026\/03\/oswiadczenie-nr-3-szczepienia_2026.doc-1.pdf\" type=\"application\/pdf\" style=\"width:100%;height:600px\" aria-label=\"Osadzone z oswiadczenie-nr-3-szczepienia_2026.doc-1.\"><\/object><a id=\"wp-block-file--media-566a5ad9-b08f-4f91-aefa-09d6668a513f\" href=\"https:\/\/ple117.poznan.pl\/wp-content\/uploads\/2026\/03\/oswiadczenie-nr-3-szczepienia_2026.doc-1.pdf\">oswiadczenie-nr-3-szczepienia_2026.doc-1<\/a><a href=\"https:\/\/ple117.poznan.pl\/wp-content\/uploads\/2026\/03\/oswiadczenie-nr-3-szczepienia_2026.doc-1.pdf\" class=\"wp-block-file__button wp-element-button\" download aria-describedby=\"wp-block-file--media-566a5ad9-b08f-4f91-aefa-09d6668a513f\">Pobierz<\/a><\/div>\n","protected":false},"excerpt":{"rendered":"<p>TERMINARZ REKRUTACJI DO PRZEDSZKOLI&nbsp;&nbsp; NA ROK SZKOLNY 2026\/2027 Zarz\u0105dzeniem nr&nbsp; 36\/2026\/P Prezydenta Miasta Poznania z&nbsp;dnia 15 stycznia 2026 r. zosta\u0142y ustalone nast\u0119puj\u0105ce&nbsp;terminy przeprowadzenia post\u0119powania rekrutacyjnego i&nbsp;post\u0119powania uzupe\u0142niaj\u0105cego, w&nbsp;tym termin\u00f3w sk\u0142adania dokument\u00f3w, na rok szkolny 2026\/2027, do publicznych przedszkoli, oddzia\u0142\u00f3w przedszkolnych w&nbsp;publicznych szko\u0142ach podstawowych:&nbsp; Szanowni Pa\u0144stwo,Informujemy, \u017ce w najbli\u017cszym czasie rozpocznie si\u0119 rekrutacja do przedszkoli prowadzonych [&hellip;]<\/p>\n","protected":false},"author":1,"featured_media":0,"parent":0,"menu_order":0,"comment_status":"closed","ping_status":"closed","template":"","meta":{"footnotes":""},"_links":{"self":[{"href":"https:\/\/ple117.poznan.pl\/index.php?rest_route=\/wp\/v2\/pages\/14"}],"collection":[{"href":"https:\/\/ple117.poznan.pl\/index.php?rest_route=\/wp\/v2\/pages"}],"about":[{"href":"https:\/\/ple117.poznan.pl\/index.php?rest_route=\/wp\/v2\/types\/page"}],"author":[{"embeddable":true,"href":"https:\/\/ple117.poznan.pl\/index.php?rest_route=\/wp\/v2\/users\/1"}],"replies":[{"embeddable":true,"href":"https:\/\/ple117.poznan.pl\/index.php?rest_route=%2Fwp%2Fv2%2Fcomments&post=14"}],"version-history":[{"count":57,"href":"https:\/\/ple117.poznan.pl\/index.php?rest_route=\/wp\/v2\/pages\/14\/revisions"}],"predecessor-version":[{"id":5005,"href":"https:\/\/ple117.poznan.pl\/index.php?rest_route=\/wp\/v2\/pages\/14\/revisions\/5005"}],"wp:attachment":[{"href":"https:\/\/ple117.poznan.pl\/index.php?rest_route=%2Fwp%2Fv2%2Fmedia&parent=14"}],"curies":[{"name":"wp","href":"https:\/\/api.w.org\/{rel}","templated":true}]}}