{"id":12,"date":"2022-11-13T12:58:14","date_gmt":"2022-11-13T12:58:14","guid":{"rendered":"https:\/\/ple117.poznan.pl\/?page_id=12"},"modified":"2025-08-28T16:49:46","modified_gmt":"2025-08-28T16:49:46","slug":"kadra","status":"publish","type":"page","link":"https:\/\/ple117.poznan.pl\/?page_id=12","title":{"rendered":"Kadra"},"content":{"rendered":"\n<p>W naszym przedszkolu pod okiem wykwalifikowanej kadry pedagogicznej dzieci mi\u0142o i aktywnie sp\u0119dzaj\u0105 czas.<br><br>Rozleg\u0142a wiedza nauczycieli o dzieciach powierzonych ich opiece, du\u017cy stopie\u0144 umiej\u0119tno\u015bci organizatorskich, a tak\u017ce postawa tw\u00f3rcza gwarantuj\u0105 osi\u0105ganie przez naszych przedszkolak\u00f3w sukces\u00f3w i ich pozytywne nastawienie do otoczenia. Nauczyciele dbaj\u0105 o harmonijny rozw\u00f3j dzieci. W mi\u0142ej, serdecznej i przyjacielskiej atmosferze organizuj\u0105 zabawy dostosowane do potrzeb, mo\u017cliwo\u015bci i zainteresowa\u0144 dzieci. Wszystkie te formy sprzyjaj\u0105 podj\u0119tym przez dzieci dzia\u0142aniom tw\u00f3rczym oraz zdobywaniu praktycznych umiej\u0119tno\u015bci.<br><br>Aby efekty pracy by\u0142y lepsze nauczyciele uczestnicz\u0105 w r\u00f3\u017cnorodnych formach doskonalenia zawodowego. Zdobytymi umiej\u0119tno\u015bciami ch\u0119tnie dziel\u0105 si\u0119 z innymi nauczycielami<br>(zaj\u0119cia kole\u017ce\u0144skie) oraz z rodzicami np. podczas zaj\u0119\u0107 otwartych<strong>.<\/strong><\/p>\n\n\n\n<p><strong>Dyrektor przedszkola<\/strong><\/p>\n\n\n\n<p><strong>El\u017cbieta Szlandrowicz<\/strong><\/p>\n\n\n\n<p><strong>Grupa I &#8222;Motylki&#8221; 2,5 i 3 -latki<\/strong><\/p>\n\n\n\n<p><strong>nauczyciele:<\/strong>\u00a0p. Ewa, p. Agnieszka<\/p>\n\n\n\n<p><strong>pomoc nauczyciela:<\/strong>\u00a0p. Katia<\/p>\n\n\n\n<p><strong>wo\u017ana:\u00a0<\/strong>p. Jolanta<\/p>\n\n\n\n<p><\/p>\n\n\n\n<p><strong>Grupa II &#8222;\u015awierszcze&#8221; 4-latki<\/strong><\/p>\n\n\n\n<p><strong>nauczyciele:<\/strong>\u00a0p. Agnieszka, p. Agnieszka<\/p>\n\n\n\n<p><strong>pomoc nauczyciela:<\/strong>\u00a0p. R\u00f3\u017ca<\/p>\n\n\n\n<p><strong>wo\u017ana:<\/strong>\u00a0p. Ada<\/p>\n\n\n\n<p><\/p>\n\n\n\n<p><strong>Grupa III &#8222;B\u0105ki&#8221; 5-latki<\/strong> (grupa integracyjna)<\/p>\n\n\n\n<p><strong>nauczyciele:<\/strong>\u00a0p. Ania, p. Katarzyna<\/p>\n\n\n\n<p><strong>nauczyciel wspomagaj\u0105cy:<\/strong> p. Karolina<\/p>\n\n\n\n<p><strong>wo\u017ana:\u00a0<\/strong>p. Alicja<\/p>\n\n\n\n<p><\/p>\n\n\n\n<p><strong>Grupa IV &#8222;Biedronki&#8221; 5, 6-latki<\/strong><\/p>\n\n\n\n<p><strong>nauczyciele:<\/strong>\u00a0p. Dyrektor, p. Kalina<\/p>\n\n\n\n<p><strong>wo\u017ana:\u00a0<\/strong>p. Zofia<\/p>\n\n\n\n<p><\/p>\n\n\n\n<p><\/p>\n\n\n\n<p><strong>Specjali\u015bci<\/strong><\/p>\n\n\n\n<p>Gimnastyka korekcyjna &#8211; p. Karolina<\/p>\n\n\n\n<p>Rytmika &#8211; p. Marta<\/p>\n\n\n\n<p>J. angielski &#8211; p. Agnieszka<\/p>\n\n\n\n<p>Religia &#8211; p. Ola<\/p>\n\n\n\n<p><\/p>\n","protected":false},"excerpt":{"rendered":"<p>W naszym przedszkolu pod okiem wykwalifikowanej kadry pedagogicznej dzieci mi\u0142o i aktywnie sp\u0119dzaj\u0105 czas. Rozleg\u0142a wiedza nauczycieli o dzieciach powierzonych ich opiece, du\u017cy stopie\u0144 umiej\u0119tno\u015bci organizatorskich, a tak\u017ce postawa tw\u00f3rcza gwarantuj\u0105 osi\u0105ganie przez naszych przedszkolak\u00f3w sukces\u00f3w i ich pozytywne nastawienie do otoczenia. Nauczyciele dbaj\u0105 o harmonijny rozw\u00f3j dzieci. W mi\u0142ej, serdecznej i przyjacielskiej atmosferze organizuj\u0105 [&hellip;]<\/p>\n","protected":false},"author":1,"featured_media":0,"parent":9,"menu_order":0,"comment_status":"closed","ping_status":"closed","template":"","meta":{"footnotes":""},"_links":{"self":[{"href":"https:\/\/ple117.poznan.pl\/index.php?rest_route=\/wp\/v2\/pages\/12"}],"collection":[{"href":"https:\/\/ple117.poznan.pl\/index.php?rest_route=\/wp\/v2\/pages"}],"about":[{"href":"https:\/\/ple117.poznan.pl\/index.php?rest_route=\/wp\/v2\/types\/page"}],"author":[{"embeddable":true,"href":"https:\/\/ple117.poznan.pl\/index.php?rest_route=\/wp\/v2\/users\/1"}],"replies":[{"embeddable":true,"href":"https:\/\/ple117.poznan.pl\/index.php?rest_route=%2Fwp%2Fv2%2Fcomments&post=12"}],"version-history":[{"count":16,"href":"https:\/\/ple117.poznan.pl\/index.php?rest_route=\/wp\/v2\/pages\/12\/revisions"}],"predecessor-version":[{"id":4369,"href":"https:\/\/ple117.poznan.pl\/index.php?rest_route=\/wp\/v2\/pages\/12\/revisions\/4369"}],"up":[{"embeddable":true,"href":"https:\/\/ple117.poznan.pl\/index.php?rest_route=\/wp\/v2\/pages\/9"}],"wp:attachment":[{"href":"https:\/\/ple117.poznan.pl\/index.php?rest_route=%2Fwp%2Fv2%2Fmedia&parent=12"}],"curies":[{"name":"wp","href":"https:\/\/api.w.org\/{rel}","templated":true}]}}